{"id":18,"date":"2017-03-24T15:13:02","date_gmt":"2017-03-24T15:13:02","guid":{"rendered":"http:\/\/drammentrappevask.no\/?page_id=18"},"modified":"2020-05-18T19:59:31","modified_gmt":"2020-05-18T19:59:31","slug":"kontakt-oss","status":"publish","type":"page","link":"https:\/\/drammentrappevask.no\/?page_id=18","title":{"rendered":"Kontakt oss"},"content":{"rendered":"<h3>Kontakt oss gjerne for et pristilbud eller en befaring. Sammen kan vi bli enige om akkurat hvilke renholdstjenester dere har bruk for. Vi vil jobbe like hardt for at deres kunder skal bli forn\u00f8yde som det dere selv gj\u00f8r. Derfor slurves det ikke i noe ledd i v\u00e5r bedrift. I tillegg vil vi gj\u00f8re v\u00e5rt ytterste for \u00e5 kunne tilby dere en sv\u00e6rt fordelaktig pris. Legg gjerne inn e-post adressen Deres og trykk p\u00e5 knappen tilbudsbrev for \u00e5 motta tilbuds- og nyhetsbrev fra oss.<\/h3>\n<p><!--more--><\/p>\n<h3><strong>Adresse:<\/strong> S\u00f8rensvingen 18, 3028 Drammen<br><strong>Telefonnummer:<\/strong> 918 70 853<br><strong>E-postadresse:<\/strong> post@drammentrappevask.no<br><strong>Organisasjonsnummer: <\/strong> 917 645 345<\/h3>\n\n\n<div class=\"wp-block-group\"><div class=\"wp-block-group__inner-container is-layout-flow wp-block-group-is-layout-flow\">\n<div class=\"wp-block-group\"><div class=\"wp-block-group__inner-container is-layout-flow wp-block-group-is-layout-flow\">\n<div class=\"wp-block-group\"><div class=\"wp-block-group__inner-container is-layout-flow wp-block-group-is-layout-flow\">\n<figure class=\"wp-block-image size-large is-resized\"><img loading=\"lazy\" decoding=\"async\" src=\"https:\/\/media2.drammentrappevask.no\/2020\/05\/Bilde-13.jpg\" alt=\"\" class=\"wp-image-240\" width=\"720\" height=\"225\" srcset=\"https:\/\/media2.drammentrappevask.no\/2020\/05\/Bilde-13.jpg 702w, https:\/\/media2.drammentrappevask.no\/2020\/05\/Bilde-13-300x94.jpg 300w\" sizes=\"auto, (max-width: 720px) 100vw, 720px\" \/><\/figure>\n<\/div><\/div>\n<\/div><\/div>\n<\/div><\/div>\n","protected":false},"excerpt":{"rendered":"<p>Kontakt oss gjerne for et pristilbud eller en befaring. Sammen kan vi bli enige om akkurat hvilke renholdstjenester dere har bruk for. Vi vil jobbe like hardt for at deres kunder skal bli forn\u00f8yde som det dere selv gj\u00f8r. Derfor slurves det ikke i noe ledd i v\u00e5r bedrift. I tillegg vil vi gj\u00f8re v\u00e5rt [&hellip;]<\/p>\n","protected":false},"author":1,"featured_media":0,"parent":0,"menu_order":0,"comment_status":"closed","ping_status":"closed","template":"","meta":{"_exactmetrics_skip_tracking":false,"_exactmetrics_sitenote_active":false,"_exactmetrics_sitenote_note":"","_exactmetrics_sitenote_category":0,"footnotes":""},"class_list":["post-18","page","type-page","status-publish","hentry"],"_links":{"self":[{"href":"https:\/\/drammentrappevask.no\/index.php?rest_route=\/wp\/v2\/pages\/18","targetHints":{"allow":["GET"]}}],"collection":[{"href":"https:\/\/drammentrappevask.no\/index.php?rest_route=\/wp\/v2\/pages"}],"about":[{"href":"https:\/\/drammentrappevask.no\/index.php?rest_route=\/wp\/v2\/types\/page"}],"author":[{"embeddable":true,"href":"https:\/\/drammentrappevask.no\/index.php?rest_route=\/wp\/v2\/users\/1"}],"replies":[{"embeddable":true,"href":"https:\/\/drammentrappevask.no\/index.php?rest_route=%2Fwp%2Fv2%2Fcomments&post=18"}],"version-history":[{"count":26,"href":"https:\/\/drammentrappevask.no\/index.php?rest_route=\/wp\/v2\/pages\/18\/revisions"}],"predecessor-version":[{"id":247,"href":"https:\/\/drammentrappevask.no\/index.php?rest_route=\/wp\/v2\/pages\/18\/revisions\/247"}],"wp:attachment":[{"href":"https:\/\/drammentrappevask.no\/index.php?rest_route=%2Fwp%2Fv2%2Fmedia&parent=18"}],"curies":[{"name":"wp","href":"https:\/\/api.w.org\/{rel}","templated":true}]}}