{"id":237,"date":"2020-05-18T17:38:46","date_gmt":"2020-05-18T17:38:46","guid":{"rendered":"http:\/\/drammentrappevask.no\/?page_id=237"},"modified":"2020-09-22T15:25:35","modified_gmt":"2020-09-22T15:25:35","slug":"vikarbyra","status":"publish","type":"page","link":"https:\/\/drammentrappevask.no\/?page_id=237","title":{"rendered":"Vikarbyr\u00e5"},"content":{"rendered":"\n<h3 class=\"wp-block-heading\">Drammen Trappevask AS er n\u00e5 registrert i Arbeidstilsynets bemanningsforetaksregister. Vi leier ut vikarer b\u00e5de innen renholds- og vaktmestertjenester for b\u00e5de kortere og lengre oppdrag. Alle vikarene vi leier ut har erfaring med faste oppdrag for v\u00e5rt firma, slik at vi kan garantere at de er dyktige. V\u00e5r pris tilsvarer det som er vanlig i vikarbransjen, og b\u00f8r derfor v\u00e6re konkurransedyktig. Det vil si vikarens timel\u00f8nn med et 100 % p\u00e5slag + 25 % MVA.<\/h3>\n\n\n\n<p><\/p>\n\n\n\n<h3 class=\"wp-block-heading\">Vi kan ogs\u00e5 ta oss av rekruttering av renholdere og\/eller vaktmestere. Prisen p\u00e5 dette er 10 % av kandidatens \u00e5rsl\u00f8nn eksklusiv annonsering for eksisterende kunder og 15 % for nye kunder. MVA kommer i tillegg. For ansettelse av ledere avtales prisen i hvert enkelt tilfelle.\u00a0Vi \u00f8nsker \u00e5 v\u00e6re best p\u00e5 det vi er gode p\u00e5, og har derfor ambisjoner om ogs\u00e5 \u00e5 v\u00e6re best p\u00e5 rekruttering innenfor v\u00e5re fagomr\u00e5der.<\/h3>\n","protected":false},"excerpt":{"rendered":"<p>Drammen Trappevask AS er n\u00e5 registrert i Arbeidstilsynets bemanningsforetaksregister. Vi leier ut vikarer b\u00e5de innen renholds- og vaktmestertjenester for b\u00e5de kortere og lengre oppdrag. Alle vikarene vi leier ut har erfaring med faste oppdrag for v\u00e5rt firma, slik at vi kan garantere at de er dyktige. V\u00e5r pris tilsvarer det som er vanlig i vikarbransjen, [&hellip;]<\/p>\n","protected":false},"author":1,"featured_media":0,"parent":0,"menu_order":0,"comment_status":"closed","ping_status":"closed","template":"","meta":{"_exactmetrics_skip_tracking":false,"_exactmetrics_sitenote_active":false,"_exactmetrics_sitenote_note":"","_exactmetrics_sitenote_category":0,"footnotes":""},"class_list":["post-237","page","type-page","status-publish","hentry"],"_links":{"self":[{"href":"https:\/\/drammentrappevask.no\/index.php?rest_route=\/wp\/v2\/pages\/237","targetHints":{"allow":["GET"]}}],"collection":[{"href":"https:\/\/drammentrappevask.no\/index.php?rest_route=\/wp\/v2\/pages"}],"about":[{"href":"https:\/\/drammentrappevask.no\/index.php?rest_route=\/wp\/v2\/types\/page"}],"author":[{"embeddable":true,"href":"https:\/\/drammentrappevask.no\/index.php?rest_route=\/wp\/v2\/users\/1"}],"replies":[{"embeddable":true,"href":"https:\/\/drammentrappevask.no\/index.php?rest_route=%2Fwp%2Fv2%2Fcomments&post=237"}],"version-history":[{"count":8,"href":"https:\/\/drammentrappevask.no\/index.php?rest_route=\/wp\/v2\/pages\/237\/revisions"}],"predecessor-version":[{"id":285,"href":"https:\/\/drammentrappevask.no\/index.php?rest_route=\/wp\/v2\/pages\/237\/revisions\/285"}],"wp:attachment":[{"href":"https:\/\/drammentrappevask.no\/index.php?rest_route=%2Fwp%2Fv2%2Fmedia&parent=237"}],"curies":[{"name":"wp","href":"https:\/\/api.w.org\/{rel}","templated":true}]}}