{"id":7,"date":"2017-03-24T15:02:11","date_gmt":"2017-03-24T15:02:11","guid":{"rendered":"http:\/\/drammentrappevask.no\/?page_id=7"},"modified":"2019-12-10T13:07:54","modified_gmt":"2019-12-10T13:07:54","slug":"om-oss","status":"publish","type":"page","link":"https:\/\/drammentrappevask.no\/?page_id=7","title":{"rendered":"Om oss"},"content":{"rendered":"<h3 style=\"text-align: left;\">Drammen Trappevask AS tilbyr b\u00e5de renholds- og vaktmestertjenester i Drammensomr\u00e5det. Vi vasker borettslag\/sameier, butikk- og lagerlokaler, kontor, barnehager, skoler osv. med b\u00e5de gulvvaskemaskin og mopp. Vi benytter kvalitetsvaskemaskiner fra ulike leverand\u00f8rer tilpasset det enkelte oppdrag. Gjerne i kombinasjon med renhold tilbyr vi ogs\u00e5 en komplett vaktmestertjeneste. Alt fra gressklipping, trefelling, rydding, oppmerking av parkeringsplasser og bortkj\u00f8ring av avfall til heisstopp og vannlekkasjer. Det har vist seg \u00e5 v\u00e6re sv\u00e6rt popul\u00e6rt at vi kan tilby vaktmestertjenester ogs\u00e5 i forbindelse med flyttevask. Vi vil v\u00e6re like konkurransedyktige p\u00e5 pris som p\u00e5 kvalitet, slik at dere som kunde vil kunne spare penger og samtidig kunne forvente \u00e5 f\u00e5 mye igjen.<\/h3>\n<p><!--more--><\/p>\n\n\n<figure class=\"wp-block-gallery columns-4 is-cropped wp-block-gallery-1 is-layout-flex wp-block-gallery-is-layout-flex\"><ul class=\"blocks-gallery-grid\"><li class=\"blocks-gallery-item\"><figure><img loading=\"lazy\" decoding=\"async\" width=\"640\" height=\"480\" src=\"https:\/\/media2.drammentrappevask.no\/2019\/12\/domestic_cleaners.jpg\" alt=\"\" data-id=\"188\" data-link=\"https:\/\/drammentrappevask.no\/?attachment_id=188\" class=\"wp-image-188\" srcset=\"https:\/\/media2.drammentrappevask.no\/2019\/12\/domestic_cleaners.jpg 640w, https:\/\/media2.drammentrappevask.no\/2019\/12\/domestic_cleaners-300x225.jpg 300w\" sizes=\"auto, (max-width: 640px) 100vw, 640px\" \/><\/figure><\/li><li class=\"blocks-gallery-item\"><figure><img loading=\"lazy\" decoding=\"async\" width=\"500\" height=\"500\" src=\"https:\/\/media2.drammentrappevask.no\/2019\/12\/img1-p-500.jpg\" alt=\"\" data-id=\"193\" data-link=\"https:\/\/drammentrappevask.no\/?attachment_id=193\" class=\"wp-image-193\" srcset=\"https:\/\/media2.drammentrappevask.no\/2019\/12\/img1-p-500.jpg 500w, https:\/\/media2.drammentrappevask.no\/2019\/12\/img1-p-500-300x300.jpg 300w, https:\/\/media2.drammentrappevask.no\/2019\/12\/img1-p-500-150x150.jpg 150w\" sizes=\"auto, (max-width: 500px) 100vw, 500px\" \/><\/figure><\/li><li class=\"blocks-gallery-item\"><figure><img loading=\"lazy\" decoding=\"async\" width=\"1024\" height=\"682\" src=\"https:\/\/media2.drammentrappevask.no\/2019\/12\/maid-service-orlando-move-in-move-out-cleaning-2_orig-1024x682.jpg\" alt=\"\" data-id=\"198\" data-link=\"https:\/\/drammentrappevask.no\/?attachment_id=198\" class=\"wp-image-198\" srcset=\"https:\/\/media2.drammentrappevask.no\/2019\/12\/maid-service-orlando-move-in-move-out-cleaning-2_orig-1024x682.jpg 1024w, https:\/\/media2.drammentrappevask.no\/2019\/12\/maid-service-orlando-move-in-move-out-cleaning-2_orig-300x200.jpg 300w, https:\/\/media2.drammentrappevask.no\/2019\/12\/maid-service-orlando-move-in-move-out-cleaning-2_orig-768x512.jpg 768w, https:\/\/media2.drammentrappevask.no\/2019\/12\/maid-service-orlando-move-in-move-out-cleaning-2_orig.jpg 1100w\" sizes=\"auto, (max-width: 1024px) 100vw, 1024px\" \/><\/figure><\/li><li class=\"blocks-gallery-item\"><figure><img loading=\"lazy\" decoding=\"async\" width=\"1024\" height=\"683\" src=\"https:\/\/media2.drammentrappevask.no\/2019\/12\/longmont-maid-service-boulder-county-image009-1024x683.jpg\" alt=\"\" data-id=\"199\" data-full-url=\"https:\/\/media2.drammentrappevask.no\/2019\/12\/longmont-maid-service-boulder-county-image009.jpg\" data-link=\"https:\/\/drammentrappevask.no\/?attachment_id=199\" class=\"wp-image-199\" srcset=\"https:\/\/media2.drammentrappevask.no\/2019\/12\/longmont-maid-service-boulder-county-image009-1024x683.jpg 1024w, https:\/\/media2.drammentrappevask.no\/2019\/12\/longmont-maid-service-boulder-county-image009-300x200.jpg 300w, https:\/\/media2.drammentrappevask.no\/2019\/12\/longmont-maid-service-boulder-county-image009-768x512.jpg 768w, https:\/\/media2.drammentrappevask.no\/2019\/12\/longmont-maid-service-boulder-county-image009-1536x1024.jpg 1536w, https:\/\/media2.drammentrappevask.no\/2019\/12\/longmont-maid-service-boulder-county-image009.jpg 1935w\" sizes=\"auto, (max-width: 1024px) 100vw, 1024px\" \/><\/figure><\/li><\/ul><\/figure>\n","protected":false},"excerpt":{"rendered":"<p>Drammen Trappevask AS tilbyr b\u00e5de renholds- og vaktmestertjenester i Drammensomr\u00e5det. Vi vasker borettslag\/sameier, butikk- og lagerlokaler, kontor, barnehager, skoler osv. med b\u00e5de gulvvaskemaskin og mopp. Vi benytter kvalitetsvaskemaskiner fra ulike leverand\u00f8rer tilpasset det enkelte oppdrag. Gjerne i kombinasjon med renhold tilbyr vi ogs\u00e5 en komplett vaktmestertjeneste. Alt fra gressklipping, trefelling, rydding, oppmerking av parkeringsplasser og [&hellip;]<\/p>\n","protected":false},"author":1,"featured_media":0,"parent":0,"menu_order":0,"comment_status":"closed","ping_status":"closed","template":"","meta":{"_exactmetrics_skip_tracking":false,"_exactmetrics_sitenote_active":false,"_exactmetrics_sitenote_note":"","_exactmetrics_sitenote_category":0,"footnotes":""},"class_list":["post-7","page","type-page","status-publish","hentry"],"_links":{"self":[{"href":"https:\/\/drammentrappevask.no\/index.php?rest_route=\/wp\/v2\/pages\/7","targetHints":{"allow":["GET"]}}],"collection":[{"href":"https:\/\/drammentrappevask.no\/index.php?rest_route=\/wp\/v2\/pages"}],"about":[{"href":"https:\/\/drammentrappevask.no\/index.php?rest_route=\/wp\/v2\/types\/page"}],"author":[{"embeddable":true,"href":"https:\/\/drammentrappevask.no\/index.php?rest_route=\/wp\/v2\/users\/1"}],"replies":[{"embeddable":true,"href":"https:\/\/drammentrappevask.no\/index.php?rest_route=%2Fwp%2Fv2%2Fcomments&post=7"}],"version-history":[{"count":27,"href":"https:\/\/drammentrappevask.no\/index.php?rest_route=\/wp\/v2\/pages\/7\/revisions"}],"predecessor-version":[{"id":200,"href":"https:\/\/drammentrappevask.no\/index.php?rest_route=\/wp\/v2\/pages\/7\/revisions\/200"}],"wp:attachment":[{"href":"https:\/\/drammentrappevask.no\/index.php?rest_route=%2Fwp%2Fv2%2Fmedia&parent=7"}],"curies":[{"name":"wp","href":"https:\/\/api.w.org\/{rel}","templated":true}]}}